{"id":85,"date":"2024-09-25T14:10:59","date_gmt":"2024-09-25T12:10:59","guid":{"rendered":"https:\/\/ff-krumbach.de\/wordpress\/?page_id=85"},"modified":"2026-03-25T10:02:35","modified_gmt":"2026-03-25T09:02:35","slug":"uebungszeiten","status":"publish","type":"page","link":"https:\/\/ff-krumbach.de\/wordpress\/?page_id=85","title":{"rendered":"Abteilungen"},"content":{"rendered":"\n<p>Hast du Lust mitzumachen? Dann komm doch einfach mal w\u00e4hrend unserer \u00dcbungszeiten vorbei!<\/p>\n\n\n\n<h2 class=\"wp-block-heading has-text-align-center\">Einsatzabteilung<\/h2>\n\n\n\n<div class=\"wp-block-columns is-layout-flex wp-container-core-columns-is-layout-28f84493 wp-block-columns-is-layout-flex\">\n<div class=\"wp-block-column is-layout-flow wp-block-column-is-layout-flow\">\n<figure class=\"wp-block-image size-large\"><img loading=\"lazy\" decoding=\"async\" width=\"2560\" height=\"1713\" src=\"https:\/\/ff-krumbach.de\/wordpress\/wp-content\/uploads\/2024\/09\/Wehr-edited-scaled.jpg\" alt=\"\" class=\"wp-image-89\" style=\"object-fit:cover\" srcset=\"https:\/\/ff-krumbach.de\/wordpress\/wp-content\/uploads\/2024\/09\/Wehr-edited-scaled.jpg 2560w, https:\/\/ff-krumbach.de\/wordpress\/wp-content\/uploads\/2024\/09\/Wehr-edited-300x201.jpg 300w, https:\/\/ff-krumbach.de\/wordpress\/wp-content\/uploads\/2024\/09\/Wehr-edited-1024x685.jpg 1024w, https:\/\/ff-krumbach.de\/wordpress\/wp-content\/uploads\/2024\/09\/Wehr-edited-2000x1339.jpg 2000w\" sizes=\"auto, (max-width: 2560px) 100vw, 2560px\" \/><\/figure>\n<\/div>\n\n\n\n<div class=\"wp-block-column is-vertically-aligned-center is-layout-flow wp-block-column-is-layout-flow\">\n<div class=\"wp-block-group is-vertical is-layout-flex wp-container-core-group-is-layout-d6b9ab57 wp-block-group-is-layout-flex\">\n<p class=\"has-text-align-left has-link-color wp-elements-f7ac86b2adbb492688c402be408f1673\">Die \u00dcbungen unserer Einsatzabteilung finden in der Regel jede Woche statt. Genaueres kannst du unserem <a href=\"https:\/\/ff-krumbach.de\/wordpress\/?page_id=24\">Kalender <\/a>entnehmen.<\/p>\n\n\n\n<p class=\"has-link-color wp-elements-7ca7fe6a3ddc09ccd8c60a89f21362a4\"><strong>\u00dcbungszeit: <\/strong>Freitag 19-20:30 Uhr<strong><br>Ort: <\/strong><a href=\"https:\/\/maps.app.goo.gl\/q2pkPtyd4eNnvvs79\" target=\"_blank\" rel=\"noreferrer noopener\">Ger\u00e4tehaus Krumbach<\/a><\/p>\n\n\n\n<p class=\"has-link-color wp-elements-d3b46cadcc5d0ff1877aeb522a3fd9c1\"><br><strong>Ablauf der Aufnahme:<\/strong> <a href=\"https:\/\/ff-krumbach.de\/wordpress\/wp-content\/uploads\/2026\/03\/2024-10-10-Ablauf-Aufnahmegesuch.pdf\" type=\"attachment\" id=\"387\">2024-10-10 Ablauf Aufnahmegesuch.pdf<\/a><br><strong>Aufnahmegesuch:<\/strong> <a href=\"https:\/\/ff-krumbach.de\/wordpress\/wp-content\/uploads\/2026\/03\/2024-10-10-Aufnahmegesuch-E-Abteilung.pdf\" type=\"attachment\" id=\"389\">2024-10-10 Aufnahmegesuch E-Abteilung.pdf<\/a><br><strong>Verl\u00e4ngerung \u00fcber 60 Jahre:<\/strong> <a href=\"https:\/\/ff-krumbach.de\/wordpress\/wp-content\/uploads\/2026\/03\/2024-10-10-Verlaengerung-E-Abteilung.pdf\" type=\"attachment\" id=\"393\">2024-10-10 Verl\u00e4ngerung E-Abteilung.pdf<\/a><\/p>\n\n\n\n<p class=\"has-link-color wp-elements-d86ed94700e25e58ff5d9b41b6b74f01\"><\/p>\n\n\n\n<p class=\"has-link-color wp-elements-d86ed94700e25e58ff5d9b41b6b74f01\"><\/p>\n\n\n\n<p><\/p>\n<\/div>\n<\/div>\n<\/div>\n\n\n\n<div style=\"height:30px\" aria-hidden=\"true\" class=\"wp-block-spacer\"><\/div>\n\n\n\n<h2 class=\"wp-block-heading has-text-align-center\">Jugendfeuerwehr<\/h2>\n\n\n\n<div class=\"wp-block-columns is-layout-flex wp-container-core-columns-is-layout-28f84493 wp-block-columns-is-layout-flex\">\n<div class=\"wp-block-column is-vertically-aligned-center is-layout-flow wp-block-column-is-layout-flow\">\n<div class=\"wp-block-group is-vertical is-layout-flex wp-container-core-group-is-layout-fe9cc265 wp-block-group-is-layout-flex\">\n<p class=\"has-text-align-left has-link-color wp-elements-7428aee688c10c30a0be7528ccc4fb46\">Die \u00dcbungen finden sie im w\u00f6chentlich im Feuerwehrhaus Krumbach statt. Genaueres kannst du unserem <a href=\"https:\/\/ff-krumbach.de\/wordpress\/?page_id=24\">Kalender <\/a>entnehmen.<\/p>\n\n\n\n<p class=\"has-link-color wp-elements-64f820cffb89e09159e549806eabc0cc\"><strong><strong>\u00dcbungszeit<\/strong><\/strong>: Dienstag 18:00 Uhr<br><strong>Ort<\/strong>: <a href=\"https:\/\/maps.app.goo.gl\/q2pkPtyd4eNnvvs79\" target=\"_blank\" rel=\"noreferrer noopener\">Ger\u00e4tehaus Krumbach<\/a><\/p>\n\n\n\n<p class=\"has-link-color wp-elements-8ea17940fe8a6d694ae21b829084aa0a\"><br><strong>Aufnahmegesuch:<\/strong> <a href=\"https:\/\/ff-krumbach.de\/wordpress\/wp-content\/uploads\/2026\/03\/2024-10-10-Aufnahmegesuch-Jugendfeuerwehr.pdf\" type=\"attachment\" id=\"390\">2024-10-10 Aufnahmegesuch Jugendfeuerwehr.pdf<\/a><\/p>\n\n\n\n<p class=\"has-link-color wp-elements-d86ed94700e25e58ff5d9b41b6b74f01\"><\/p>\n<\/div>\n<\/div>\n\n\n\n<div class=\"wp-block-column is-layout-flow wp-block-column-is-layout-flow\">\n<figure class=\"wp-block-image size-large is-resized\"><img loading=\"lazy\" decoding=\"async\" width=\"768\" height=\"1024\" src=\"https:\/\/ff-krumbach.de\/wordpress\/wp-content\/uploads\/2024\/09\/2023-1-768x1024.jpg\" alt=\"\" class=\"wp-image-91\" style=\"object-fit:cover;width:563px;height:500px\" srcset=\"https:\/\/ff-krumbach.de\/wordpress\/wp-content\/uploads\/2024\/09\/2023-1-768x1024.jpg 768w, https:\/\/ff-krumbach.de\/wordpress\/wp-content\/uploads\/2024\/09\/2023-1-225x300.jpg 225w, https:\/\/ff-krumbach.de\/wordpress\/wp-content\/uploads\/2024\/09\/2023-1-2000x2667.jpg 2000w, https:\/\/ff-krumbach.de\/wordpress\/wp-content\/uploads\/2024\/09\/2023-1-scaled.jpg 1920w\" sizes=\"auto, (max-width: 768px) 100vw, 768px\" \/><\/figure>\n<\/div>\n<\/div>\n\n\n\n<div style=\"height:30px\" aria-hidden=\"true\" class=\"wp-block-spacer\"><\/div>\n\n\n\n<h2 class=\"wp-block-heading has-text-align-center\">Kinderfeuerwehr<\/h2>\n\n\n\n<div class=\"wp-block-columns is-layout-flex wp-container-core-columns-is-layout-28f84493 wp-block-columns-is-layout-flex\">\n<div class=\"wp-block-column is-layout-flow wp-block-column-is-layout-flow\">\n<figure class=\"wp-block-image size-large\"><img loading=\"lazy\" decoding=\"async\" width=\"768\" height=\"1024\" src=\"https:\/\/ff-krumbach.de\/wordpress\/wp-content\/uploads\/2024\/09\/2022-Kuerbisschnitzen-768x1024.jpg\" alt=\"\" class=\"wp-image-86\" srcset=\"https:\/\/ff-krumbach.de\/wordpress\/wp-content\/uploads\/2024\/09\/2022-Kuerbisschnitzen-768x1024.jpg 768w, https:\/\/ff-krumbach.de\/wordpress\/wp-content\/uploads\/2024\/09\/2022-Kuerbisschnitzen-225x300.jpg 225w, https:\/\/ff-krumbach.de\/wordpress\/wp-content\/uploads\/2024\/09\/2022-Kuerbisschnitzen.jpg 1512w\" sizes=\"auto, (max-width: 768px) 100vw, 768px\" \/><\/figure>\n<\/div>\n\n\n\n<div class=\"wp-block-column is-vertically-aligned-center is-layout-flow wp-block-column-is-layout-flow\">\n<p class=\"has-text-align-left has-link-color wp-elements-1611e103bc7d8e2ae5b079ab7b75232a\">Die \u00dcbungen unserer Kinderfeuerwehr finden monatlich statt. Genaueres kannst du unserem <a href=\"https:\/\/ff-krumbach.de\/wordpress\/?page_id=24\">Kalender <\/a>entnehmen.<\/p>\n\n\n\n<p><strong>\u00dcbungszeit:<\/strong> Erster Mittwoch im Monat 17-18:30 Uhr<br><strong>Ort<\/strong>: <a href=\"https:\/\/maps.app.goo.gl\/q2pkPtyd4eNnvvs79\" target=\"_blank\" rel=\"noreferrer noopener\">Ger\u00e4tehaus Krumbach<\/a><\/p>\n\n\n\n<p><br><strong>Aufnahmegesuch:<\/strong> <a href=\"https:\/\/ff-krumbach.de\/wordpress\/wp-content\/uploads\/2026\/03\/2024-10-10-Aufnahmegesuch-Bambini.pdf\" type=\"attachment\" id=\"388\">2024-10-10 Aufnahmegesuch Bambini.pdf<\/a><\/p>\n<\/div>\n<\/div>\n\n\n\n<div style=\"height:30px\" aria-hidden=\"true\" class=\"wp-block-spacer\"><\/div>\n","protected":false},"excerpt":{"rendered":"<p>Hast du Lust mitzumachen? Dann komm doch einfach mal w\u00e4hrend unserer \u00dcbungszeiten vorbei! Einsatzabteilung Die \u00dcbungen unserer Einsatzabteilung finden in der Regel jede Woche statt. Genaueres kannst du unserem Kalender entnehmen. \u00dcbungszeit: Freitag 19-20:30 UhrOrt: Ger\u00e4tehaus Krumbach Ablauf der Aufnahme: 2024-10-10 Ablauf Aufnahmegesuch.pdfAufnahmegesuch: 2024-10-10 Aufnahmegesuch E-Abteilung.pdfVerl\u00e4ngerung \u00fcber 60 Jahre: 2024-10-10 Verl\u00e4ngerung E-Abteilung.pdf Jugendfeuerwehr Die \u00dcbungen &hellip; <\/p>\n<p class=\"link-more\"><a href=\"https:\/\/ff-krumbach.de\/wordpress\/?page_id=85\" class=\"more-link\">Mehr <span class=\"screen-reader-text\">\u00fcber &#8222;Abteilungen&#8220; <\/span>Lesen<\/a><\/p>\n","protected":false},"author":1,"featured_media":358,"parent":0,"menu_order":0,"comment_status":"closed","ping_status":"closed","template":"","meta":{"inspiro_hide_title":false,"footnotes":""},"class_list":["post-85","page","type-page","status-publish","has-post-thumbnail","hentry"],"yoast_head":"<!-- This site is optimized with the Yoast SEO plugin v27.5 - https:\/\/yoast.com\/product\/yoast-seo-wordpress\/ -->\n<title>Abteilungen - Freiwillige Feuerwehr Krumbach<\/title>\n<meta name=\"robots\" content=\"index, follow, max-snippet:-1, max-image-preview:large, max-video-preview:-1\" \/>\n<link rel=\"canonical\" href=\"https:\/\/ff-krumbach.de\/wordpress\/?page_id=85\" \/>\n<meta property=\"og:locale\" content=\"de_DE\" \/>\n<meta property=\"og:type\" content=\"article\" \/>\n<meta property=\"og:title\" content=\"Abteilungen - Freiwillige Feuerwehr Krumbach\" \/>\n<meta property=\"og:description\" content=\"Hast du Lust mitzumachen? Dann komm doch einfach mal w\u00e4hrend unserer \u00dcbungszeiten vorbei! Einsatzabteilung Die \u00dcbungen unserer Einsatzabteilung finden in der Regel jede Woche statt. Genaueres kannst du unserem Kalender entnehmen. \u00dcbungszeit: Freitag 19-20:30 UhrOrt: Ger\u00e4tehaus Krumbach Ablauf der Aufnahme: 2024-10-10 Ablauf Aufnahmegesuch.pdfAufnahmegesuch: 2024-10-10 Aufnahmegesuch E-Abteilung.pdfVerl\u00e4ngerung \u00fcber 60 Jahre: 2024-10-10 Verl\u00e4ngerung E-Abteilung.pdf Jugendfeuerwehr Die \u00dcbungen &hellip; Mehr \u00fcber &quot;Abteilungen&quot; Lesen\" \/>\n<meta property=\"og:url\" content=\"https:\/\/ff-krumbach.de\/wordpress\/?page_id=85\" \/>\n<meta property=\"og:site_name\" content=\"Freiwillige Feuerwehr Krumbach\" \/>\n<meta property=\"article:modified_time\" content=\"2026-03-25T09:02:35+00:00\" \/>\n<meta property=\"og:image\" content=\"https:\/\/ff-krumbach.de\/wordpress\/wp-content\/uploads\/2024\/09\/IMG-20230927-WA0003.jpg\" \/>\n\t<meta property=\"og:image:width\" content=\"1600\" \/>\n\t<meta property=\"og:image:height\" content=\"1067\" \/>\n\t<meta property=\"og:image:type\" content=\"image\/jpeg\" \/>\n<meta name=\"twitter:card\" content=\"summary_large_image\" \/>\n<meta name=\"twitter:label1\" content=\"Gesch\u00e4tzte Lesezeit\" \/>\n\t<meta name=\"twitter:data1\" content=\"2\u00a0Minuten\" \/>\n<script type=\"application\/ld+json\" class=\"yoast-schema-graph\">{\"@context\":\"https:\\\/\\\/schema.org\",\"@graph\":[{\"@type\":\"WebPage\",\"@id\":\"https:\\\/\\\/ff-krumbach.de\\\/wordpress\\\/?page_id=85\",\"url\":\"https:\\\/\\\/ff-krumbach.de\\\/wordpress\\\/?page_id=85\",\"name\":\"Abteilungen - Freiwillige Feuerwehr Krumbach\",\"isPartOf\":{\"@id\":\"https:\\\/\\\/ff-krumbach.de\\\/wordpress\\\/#website\"},\"primaryImageOfPage\":{\"@id\":\"https:\\\/\\\/ff-krumbach.de\\\/wordpress\\\/?page_id=85#primaryimage\"},\"image\":{\"@id\":\"https:\\\/\\\/ff-krumbach.de\\\/wordpress\\\/?page_id=85#primaryimage\"},\"thumbnailUrl\":\"https:\\\/\\\/ff-krumbach.de\\\/wordpress\\\/wp-content\\\/uploads\\\/2024\\\/09\\\/IMG-20230927-WA0003.jpg\",\"datePublished\":\"2024-09-25T12:10:59+00:00\",\"dateModified\":\"2026-03-25T09:02:35+00:00\",\"breadcrumb\":{\"@id\":\"https:\\\/\\\/ff-krumbach.de\\\/wordpress\\\/?page_id=85#breadcrumb\"},\"inLanguage\":\"de\",\"potentialAction\":[{\"@type\":\"ReadAction\",\"target\":[\"https:\\\/\\\/ff-krumbach.de\\\/wordpress\\\/?page_id=85\"]}]},{\"@type\":\"ImageObject\",\"inLanguage\":\"de\",\"@id\":\"https:\\\/\\\/ff-krumbach.de\\\/wordpress\\\/?page_id=85#primaryimage\",\"url\":\"https:\\\/\\\/ff-krumbach.de\\\/wordpress\\\/wp-content\\\/uploads\\\/2024\\\/09\\\/IMG-20230927-WA0003.jpg\",\"contentUrl\":\"https:\\\/\\\/ff-krumbach.de\\\/wordpress\\\/wp-content\\\/uploads\\\/2024\\\/09\\\/IMG-20230927-WA0003.jpg\",\"width\":1600,\"height\":1067},{\"@type\":\"BreadcrumbList\",\"@id\":\"https:\\\/\\\/ff-krumbach.de\\\/wordpress\\\/?page_id=85#breadcrumb\",\"itemListElement\":[{\"@type\":\"ListItem\",\"position\":1,\"name\":\"Startseite\",\"item\":\"https:\\\/\\\/ff-krumbach.de\\\/wordpress\\\/\"},{\"@type\":\"ListItem\",\"position\":2,\"name\":\"Abteilungen\"}]},{\"@type\":\"WebSite\",\"@id\":\"https:\\\/\\\/ff-krumbach.de\\\/wordpress\\\/#website\",\"url\":\"https:\\\/\\\/ff-krumbach.de\\\/wordpress\\\/\",\"name\":\"Freiwillige Feuerwehr Krumbach\",\"description\":\"\",\"publisher\":{\"@id\":\"https:\\\/\\\/ff-krumbach.de\\\/wordpress\\\/#organization\"},\"potentialAction\":[{\"@type\":\"SearchAction\",\"target\":{\"@type\":\"EntryPoint\",\"urlTemplate\":\"https:\\\/\\\/ff-krumbach.de\\\/wordpress\\\/?s={search_term_string}\"},\"query-input\":{\"@type\":\"PropertyValueSpecification\",\"valueRequired\":true,\"valueName\":\"search_term_string\"}}],\"inLanguage\":\"de\"},{\"@type\":\"Organization\",\"@id\":\"https:\\\/\\\/ff-krumbach.de\\\/wordpress\\\/#organization\",\"name\":\"Freiwillige Feuerwehr Krumbach\",\"url\":\"https:\\\/\\\/ff-krumbach.de\\\/wordpress\\\/\",\"logo\":{\"@type\":\"ImageObject\",\"inLanguage\":\"de\",\"@id\":\"https:\\\/\\\/ff-krumbach.de\\\/wordpress\\\/#\\\/schema\\\/logo\\\/image\\\/\",\"url\":\"https:\\\/\\\/ff-krumbach.de\\\/wordpress\\\/wp-content\\\/uploads\\\/2024\\\/09\\\/LogoWeiss.png\",\"contentUrl\":\"https:\\\/\\\/ff-krumbach.de\\\/wordpress\\\/wp-content\\\/uploads\\\/2024\\\/09\\\/LogoWeiss.png\",\"width\":298,\"height\":308,\"caption\":\"Freiwillige Feuerwehr Krumbach\"},\"image\":{\"@id\":\"https:\\\/\\\/ff-krumbach.de\\\/wordpress\\\/#\\\/schema\\\/logo\\\/image\\\/\"}}]}<\/script>\n<!-- \/ Yoast SEO plugin. -->","yoast_head_json":{"title":"Abteilungen - Freiwillige Feuerwehr Krumbach","robots":{"index":"index","follow":"follow","max-snippet":"max-snippet:-1","max-image-preview":"max-image-preview:large","max-video-preview":"max-video-preview:-1"},"canonical":"https:\/\/ff-krumbach.de\/wordpress\/?page_id=85","og_locale":"de_DE","og_type":"article","og_title":"Abteilungen - Freiwillige Feuerwehr Krumbach","og_description":"Hast du Lust mitzumachen? Dann komm doch einfach mal w\u00e4hrend unserer \u00dcbungszeiten vorbei! Einsatzabteilung Die \u00dcbungen unserer Einsatzabteilung finden in der Regel jede Woche statt. Genaueres kannst du unserem Kalender entnehmen. \u00dcbungszeit: Freitag 19-20:30 UhrOrt: Ger\u00e4tehaus Krumbach Ablauf der Aufnahme: 2024-10-10 Ablauf Aufnahmegesuch.pdfAufnahmegesuch: 2024-10-10 Aufnahmegesuch E-Abteilung.pdfVerl\u00e4ngerung \u00fcber 60 Jahre: 2024-10-10 Verl\u00e4ngerung E-Abteilung.pdf Jugendfeuerwehr Die \u00dcbungen &hellip; Mehr \u00fcber \"Abteilungen\" Lesen","og_url":"https:\/\/ff-krumbach.de\/wordpress\/?page_id=85","og_site_name":"Freiwillige Feuerwehr Krumbach","article_modified_time":"2026-03-25T09:02:35+00:00","og_image":[{"width":1600,"height":1067,"url":"https:\/\/ff-krumbach.de\/wordpress\/wp-content\/uploads\/2024\/09\/IMG-20230927-WA0003.jpg","type":"image\/jpeg"}],"twitter_card":"summary_large_image","twitter_misc":{"Gesch\u00e4tzte Lesezeit":"2\u00a0Minuten"},"schema":{"@context":"https:\/\/schema.org","@graph":[{"@type":"WebPage","@id":"https:\/\/ff-krumbach.de\/wordpress\/?page_id=85","url":"https:\/\/ff-krumbach.de\/wordpress\/?page_id=85","name":"Abteilungen - Freiwillige Feuerwehr Krumbach","isPartOf":{"@id":"https:\/\/ff-krumbach.de\/wordpress\/#website"},"primaryImageOfPage":{"@id":"https:\/\/ff-krumbach.de\/wordpress\/?page_id=85#primaryimage"},"image":{"@id":"https:\/\/ff-krumbach.de\/wordpress\/?page_id=85#primaryimage"},"thumbnailUrl":"https:\/\/ff-krumbach.de\/wordpress\/wp-content\/uploads\/2024\/09\/IMG-20230927-WA0003.jpg","datePublished":"2024-09-25T12:10:59+00:00","dateModified":"2026-03-25T09:02:35+00:00","breadcrumb":{"@id":"https:\/\/ff-krumbach.de\/wordpress\/?page_id=85#breadcrumb"},"inLanguage":"de","potentialAction":[{"@type":"ReadAction","target":["https:\/\/ff-krumbach.de\/wordpress\/?page_id=85"]}]},{"@type":"ImageObject","inLanguage":"de","@id":"https:\/\/ff-krumbach.de\/wordpress\/?page_id=85#primaryimage","url":"https:\/\/ff-krumbach.de\/wordpress\/wp-content\/uploads\/2024\/09\/IMG-20230927-WA0003.jpg","contentUrl":"https:\/\/ff-krumbach.de\/wordpress\/wp-content\/uploads\/2024\/09\/IMG-20230927-WA0003.jpg","width":1600,"height":1067},{"@type":"BreadcrumbList","@id":"https:\/\/ff-krumbach.de\/wordpress\/?page_id=85#breadcrumb","itemListElement":[{"@type":"ListItem","position":1,"name":"Startseite","item":"https:\/\/ff-krumbach.de\/wordpress\/"},{"@type":"ListItem","position":2,"name":"Abteilungen"}]},{"@type":"WebSite","@id":"https:\/\/ff-krumbach.de\/wordpress\/#website","url":"https:\/\/ff-krumbach.de\/wordpress\/","name":"Freiwillige Feuerwehr Krumbach","description":"","publisher":{"@id":"https:\/\/ff-krumbach.de\/wordpress\/#organization"},"potentialAction":[{"@type":"SearchAction","target":{"@type":"EntryPoint","urlTemplate":"https:\/\/ff-krumbach.de\/wordpress\/?s={search_term_string}"},"query-input":{"@type":"PropertyValueSpecification","valueRequired":true,"valueName":"search_term_string"}}],"inLanguage":"de"},{"@type":"Organization","@id":"https:\/\/ff-krumbach.de\/wordpress\/#organization","name":"Freiwillige Feuerwehr Krumbach","url":"https:\/\/ff-krumbach.de\/wordpress\/","logo":{"@type":"ImageObject","inLanguage":"de","@id":"https:\/\/ff-krumbach.de\/wordpress\/#\/schema\/logo\/image\/","url":"https:\/\/ff-krumbach.de\/wordpress\/wp-content\/uploads\/2024\/09\/LogoWeiss.png","contentUrl":"https:\/\/ff-krumbach.de\/wordpress\/wp-content\/uploads\/2024\/09\/LogoWeiss.png","width":298,"height":308,"caption":"Freiwillige Feuerwehr Krumbach"},"image":{"@id":"https:\/\/ff-krumbach.de\/wordpress\/#\/schema\/logo\/image\/"}}]}},"_links":{"self":[{"href":"https:\/\/ff-krumbach.de\/wordpress\/index.php?rest_route=\/wp\/v2\/pages\/85","targetHints":{"allow":["GET"]}}],"collection":[{"href":"https:\/\/ff-krumbach.de\/wordpress\/index.php?rest_route=\/wp\/v2\/pages"}],"about":[{"href":"https:\/\/ff-krumbach.de\/wordpress\/index.php?rest_route=\/wp\/v2\/types\/page"}],"author":[{"embeddable":true,"href":"https:\/\/ff-krumbach.de\/wordpress\/index.php?rest_route=\/wp\/v2\/users\/1"}],"replies":[{"embeddable":true,"href":"https:\/\/ff-krumbach.de\/wordpress\/index.php?rest_route=%2Fwp%2Fv2%2Fcomments&post=85"}],"version-history":[{"count":19,"href":"https:\/\/ff-krumbach.de\/wordpress\/index.php?rest_route=\/wp\/v2\/pages\/85\/revisions"}],"predecessor-version":[{"id":395,"href":"https:\/\/ff-krumbach.de\/wordpress\/index.php?rest_route=\/wp\/v2\/pages\/85\/revisions\/395"}],"wp:featuredmedia":[{"embeddable":true,"href":"https:\/\/ff-krumbach.de\/wordpress\/index.php?rest_route=\/wp\/v2\/media\/358"}],"wp:attachment":[{"href":"https:\/\/ff-krumbach.de\/wordpress\/index.php?rest_route=%2Fwp%2Fv2%2Fmedia&parent=85"}],"curies":[{"name":"wp","href":"https:\/\/api.w.org\/{rel}","templated":true}]}}